{"id":3,"date":"2020-08-13T10:30:40","date_gmt":"2020-08-13T10:30:40","guid":{"rendered":"https:\/\/eskima.de\/?page_id=3"},"modified":"2025-10-17T06:12:26","modified_gmt":"2025-10-17T06:12:26","slug":"datenschutzerklaerung","status":"publish","type":"page","link":"https:\/\/eskima.de\/?page_id=3","title":{"rendered":"imprint and privacy"},"content":{"rendered":"\n<h5 class=\"wp-block-heading has-text-align-left\">Angaben gem\u00e4\u00df \u00a7 5 TMG<\/h5>\n\n\n\n<p class=\"has-text-align-left\">eskima \/\/ Heike Sinn<br>Umsatzsteuer-ID:&nbsp;218\/5235\/2173<br>Verantwortlich f\u00fcr den Inhalt nach \u00a7 55 Abs. 2 RStV: Heike Sinn<\/p>\n\n\n\n<h5 class=\"wp-block-heading has-text-align-left\">Kontakt<\/h5>\n\n\n\n<p class=\"has-text-align-left\">eskima \/\/ Heike Sinn <br><a href=\"mailto:hello@eskima.de\" target=\"_blank\" rel=\"noreferrer noopener\">hello@eskima.de<\/a><\/p>\n\n\n\n<h5 class=\"wp-block-heading has-text-align-left\">Haftung f\u00fcr Inhalte<\/h5>\n\n\n\n<p class=\"has-text-align-left\">Die Inhalte unserer Seiten wurden mit gr\u00f6\u00dfter Sorgfalt erstellt. F\u00fcr die Richtigkeit, Vollst\u00e4ndigkeit und Aktualit\u00e4t der Inhalte k\u00f6nnen wir jedoch keine Gew\u00e4hr \u00fcbernehmen. Als Diensteanbieter sind wir gem\u00e4\u00df \u00a7 7 Abs.1 TMG f\u00fcr eigene Inhalte auf diesen Seiten nach den allgemeinen Gesetzen verantwortlich. Nach \u00a7\u00a7 8 bis 10 TMG sind wir als Diensteanbieter jedoch nicht verpflichtet, \u00fcbermittelte oder gespeicherte fremde Informationen zu \u00fcberwachen oder nach Umst\u00e4nden zu forschen, die auf eine rechtswidrige T\u00e4tigkeit hinweisen. Verpflichtungen zur Entfernung oder Sperrung der Nutzung von Informationen nach den allgemeinen Gesetzen bleiben hiervon unber\u00fchrt. Eine diesbez\u00fcgliche Haftung ist jedoch erst ab dem Zeitpunkt der Kenntnis einer konkreten Rechtsverletzung m\u00f6glich. Bei Bekanntwerden von entsprechenden Rechtsverletzungen werden wir diese Inhalte umgehend entfernen.<\/p>\n\n\n\n<h5 class=\"wp-block-heading has-text-align-left\">Haftung f\u00fcr Links<\/h5>\n\n\n\n<p class=\"has-text-align-left\">Unser Angebot enth\u00e4lt Links zu externen Webseiten Dritter, auf deren Inhalte wir keinen Einfluss haben. Deshalb k\u00f6nnen wir f\u00fcr diese fremden Inhalte auch keine Gew\u00e4hr \u00fcbernehmen. F\u00fcr die Inhalte der verlinkten Seiten ist stets der jeweilige Anbieter oder Betreiber der Seiten verantwortlich. Die verlinkten Seiten wurden zum Zeitpunkt der Verlinkung auf m\u00f6gliche Rechtsverst\u00f6\u00dfe \u00fcberpr\u00fcft. Rechtswidrige Inhalte waren zum Zeitpunkt der Verlinkung nicht erkennbar. Eine permanente inhaltliche Kontrolle der verlinkten Seiten ist jedoch ohne konkrete Anhaltspunkte einer Rechtsverletzung nicht zumutbar. Bei Bekanntwerden von Rechtsverletzungen werden wir derartige Links umgehend entfernen.<\/p>\n\n\n\n<h5 class=\"wp-block-heading has-text-align-left\">Urheberrecht<\/h5>\n\n\n\n<p class=\"has-text-align-left\">Die durch die Seitenbetreiber erstellten Inhalte und Werke auf diesen Seiten unterliegen dem deutschen Urheberrecht. Die Vervielf\u00e4ltigung, Bearbeitung, Verbreitung und jede Art der Verwertung au\u00dferhalb der Grenzen des Urheberrechtes bed\u00fcrfen der schriftlichen Zustimmung des jeweiligen Autors bzw. Erstellers. Downloads und Kopien dieser Seite sind nur f\u00fcr den privaten, nicht kommerziellen Gebrauch gestattet. Soweit die Inhalte auf dieser Seite nicht vom Betreiber erstellt wurden, werden die Urheberrechte Dritter beachtet. Insbesondere werden Inhalte Dritter als solche gekennzeichnet. Sollten Sie trotzdem auf eine Urheberrechtsverletzung aufmerksam werden, bitten wir um einen entsprechenden Hinweis. Bei Bekanntwerden von Rechtsverletzungen werden wir derartige Inhalte umgehend entfernen.<\/p>\n\n\n\n<h5 class=\"wp-block-heading has-text-align-left\">Datenschutzerkl\u00e4rung<\/h5>\n\n\n\n<p class=\"has-text-align-left\">Der Schutz Ihrer personenbezogenen Daten (im Folgenden kurz \u201eDaten\u201c) ist uns ein gro\u00dfes und sehr wichtiges Anliegen. Nachfolgend m\u00f6chten wir Sie daher ausf\u00fchrlich dar\u00fcber informieren, welche Daten bei uns erhoben und wie diese im Folgenden verarbeitet oder genutzt werden, ebenso wie, welche begleitenden Schutzma\u00dfnahmen wir auch in technischer und organisatorischer Hinsicht getroffen haben.<\/p>\n\n\n\n<h5 class=\"wp-block-heading has-text-align-left\">Verantwortliche Stelle<\/h5>\n\n\n\n<p class=\"has-text-align-left\">Verantwortlicher nach Art. 4 DSGVO und zugleich Dienstanbieter im Sinne des Telemediengesetzes (TMG) ist<\/p>\n\n\n\n<p class=\"has-text-align-left\">eskima \/\/ Heike Sinn<br><a href=\"mailto:hello@eskima.de\" target=\"_blank\" rel=\"noreferrer noopener\">hello@eskima.de<\/a><\/p>\n\n\n\n<h5 class=\"wp-block-heading has-text-align-left\">Erhebung und Verwendung Ihrer Daten<\/h5>\n\n\n\n<p class=\"has-text-align-left\">F\u00fcr die nur informatorische Nutzung unseres Internetauftritts ist es grunds\u00e4tzlich nicht erforderlich, dass Sie personenbezogenen Daten angeben. Vielmehr erheben und verwenden wir in diesem Fall nur diejenigen Ihrer Daten, die uns Ihr Internetbrowser automatisch \u00fcbermittelt (Rechtsgrundlage ist Art. 6 Abs. 1 S. 1 lit. f DSGVO), wie etwa:<\/p>\n\n\n\n<ul class=\"wp-block-list\">\n<li>IP-Adresse<\/li>\n\n\n\n<li>Datum und Uhrzeit der Anfrage<\/li>\n\n\n\n<li>Zeitzonendifferenz zur Greenwich Mean Time (GMT)<\/li>\n\n\n\n<li>Inhalt der Anforderung (konkrete Seite)<\/li>\n\n\n\n<li>Zugriffsstatus\/HTTP-Statuscode<\/li>\n\n\n\n<li>jeweils \u00fcbertragene Datenmenge<\/li>\n\n\n\n<li>Website, von der die Anforderung kommt<\/li>\n\n\n\n<li>Browser<\/li>\n\n\n\n<li>Betriebssystem und dessen Oberfl\u00e4che<\/li>\n\n\n\n<li>Sprache und Version der Browsersoftware<\/li>\n<\/ul>\n\n\n\n<p class=\"has-text-align-left\">Bei der Erhebung, dem Verwenden und Speichern von personenbezogenen Daten beachten wir die Vorschriften des Bundesdatenschutzgesetzes, des Telemediengesetzes und ggf. weiterer anwendbarer Datenschutzbestimmungen. Alle Kundendaten werden unter Beachtung der einschl\u00e4gigen Vorschriften des Bundesdatenschutzgesetzes (BDSG) und des Telemediengesetzes (TMG) von uns gespeichert und verarbeitet.<\/p>\n\n\n\n<h5 class=\"wp-block-heading has-text-align-left\">Cookies \/ Tracking <\/h5>\n\n\n\n<p class=\"has-text-align-left\">Unsere Internetseite verwendet keine Cookies, kein externes Tracking-Tool und keine Social Media Plugins, die Ihre Daten speichern oder weitergeben an Dritte.<\/p>\n\n\n\n<h5 class=\"wp-block-heading has-text-align-left\">Datensicherheit<\/h5>\n\n\n\n<p class=\"has-text-align-left\">Wir setzen zudem technische und organisatorische Sicherheitsma\u00dfnahmen ein, um anfallende oder erhobene personenbezogene Daten zu sch\u00fctzen, insb. Gegen zuf\u00e4llige oder vors\u00e4tzliche Manipulation, Verlust, Zerst\u00f6rung oder gegen den Angriff unberechtigter Personen. Unsere Sicherheitsma\u00dfnahmen werden entsprechend der technologischen Entwicklung fortlaufend verbessert.<\/p>\n","protected":false},"excerpt":{"rendered":"<p>Angaben gem\u00e4\u00df \u00a7 5 TMG eskima \/\/ Heike SinnUmsatzsteuer-ID:&nbsp;218\/5235\/2173Verantwortlich f\u00fcr den Inhalt nach \u00a7 55 Abs. 2 RStV: Heike Sinn Kontakt eskima \/\/ Heike Sinn hello@eskima.de Haftung f\u00fcr Inhalte Die Inhalte unserer Seiten wurden mit gr\u00f6\u00dfter Sorgfalt erstellt. F\u00fcr die Richtigkeit, Vollst\u00e4ndigkeit und Aktualit\u00e4t der Inhalte k\u00f6nnen wir jedoch keine Gew\u00e4hr \u00fcbernehmen. Als Diensteanbieter sind [&hellip;]<\/p>\n","protected":false},"author":1,"featured_media":0,"parent":0,"menu_order":100,"comment_status":"closed","ping_status":"closed","template":"","meta":{"footnotes":""},"class_list":["post-3","page","type-page","status-publish","hentry"],"jetpack_sharing_enabled":true,"_links":{"self":[{"href":"https:\/\/eskima.de\/index.php?rest_route=\/wp\/v2\/pages\/3","targetHints":{"allow":["GET"]}}],"collection":[{"href":"https:\/\/eskima.de\/index.php?rest_route=\/wp\/v2\/pages"}],"about":[{"href":"https:\/\/eskima.de\/index.php?rest_route=\/wp\/v2\/types\/page"}],"author":[{"embeddable":true,"href":"https:\/\/eskima.de\/index.php?rest_route=\/wp\/v2\/users\/1"}],"replies":[{"embeddable":true,"href":"https:\/\/eskima.de\/index.php?rest_route=%2Fwp%2Fv2%2Fcomments&post=3"}],"version-history":[{"count":49,"href":"https:\/\/eskima.de\/index.php?rest_route=\/wp\/v2\/pages\/3\/revisions"}],"predecessor-version":[{"id":1206,"href":"https:\/\/eskima.de\/index.php?rest_route=\/wp\/v2\/pages\/3\/revisions\/1206"}],"wp:attachment":[{"href":"https:\/\/eskima.de\/index.php?rest_route=%2Fwp%2Fv2%2Fmedia&parent=3"}],"curies":[{"name":"wp","href":"https:\/\/api.w.org\/{rel}","templated":true}]}}